{"id":2648,"date":"2021-05-21T08:24:42","date_gmt":"2021-05-21T06:24:42","guid":{"rendered":"http:\/\/www.dioxvitae.es.mialias.net\/?page_id=2648"},"modified":"2023-10-30T12:24:22","modified_gmt":"2023-10-30T10:24:22","slug":"politique-de-confidentialite","status":"publish","type":"page","link":"https:\/\/dioxvitae.es\/fr\/politica-de-privacidad\/","title":{"rendered":"Politique de confidentialit\u00e9"},"content":{"rendered":"<div data-elementor-type=\"wp-page\" data-elementor-id=\"2648\" class=\"elementor elementor-2648\" data-elementor-post-type=\"page\">\n\t\t\t\t\t\t<section class=\"elementor-section elementor-top-section elementor-element elementor-element-6fc185f7 elementor-section-boxed elementor-section-height-default elementor-section-height-default\" data-id=\"6fc185f7\" data-element_type=\"section\" data-e-type=\"section\">\n\t\t\t\t\t\t<div class=\"elementor-container elementor-column-gap-default\">\n\t\t\t\t\t<div class=\"elementor-column elementor-col-100 elementor-top-column elementor-element elementor-element-8be8958\" data-id=\"8be8958\" data-element_type=\"column\" data-e-type=\"column\">\n\t\t\t<div class=\"elementor-widget-wrap elementor-element-populated\">\n\t\t\t\t\t\t<div class=\"elementor-element elementor-element-5e1ef5ee elementor-widget elementor-widget-text-editor\" data-id=\"5e1ef5ee\" data-element_type=\"widget\" data-e-type=\"widget\" data-widget_type=\"text-editor.default\">\n\t\t\t\t<div class=\"elementor-widget-container\">\n\t\t\t\t\t\t\t\t\t<h1>Politique de confidentialit\u00e9<\/h1>\t\t\t\t\t\t\t\t<\/div>\n\t\t\t\t<\/div>\n\t\t\t\t<div class=\"elementor-element elementor-element-13aef899 elementor-widget-divider--view-line elementor-widget elementor-widget-divider\" data-id=\"13aef899\" data-element_type=\"widget\" data-e-type=\"widget\" data-widget_type=\"divider.default\">\n\t\t\t\t<div class=\"elementor-widget-container\">\n\t\t\t\t\t\t\t<div class=\"elementor-divider\">\n\t\t\t<span class=\"elementor-divider-separator\">\n\t\t\t\t\t\t<\/span>\n\t\t<\/div>\n\t\t\t\t\t\t<\/div>\n\t\t\t\t<\/div>\n\t\t\t\t\t<\/div>\n\t\t<\/div>\n\t\t\t\t\t<\/div>\n\t\t<\/section>\n\t\t\t\t<section class=\"elementor-section elementor-top-section elementor-element elementor-element-8e7cf50 elementor-section-boxed elementor-section-height-default elementor-section-height-default\" data-id=\"8e7cf50\" data-element_type=\"section\" data-e-type=\"section\">\n\t\t\t\t\t\t<div class=\"elementor-container elementor-column-gap-default\">\n\t\t\t\t\t<div class=\"elementor-column elementor-col-100 elementor-top-column elementor-element elementor-element-7ae4275\" data-id=\"7ae4275\" data-element_type=\"column\" data-e-type=\"column\">\n\t\t\t<div class=\"elementor-widget-wrap elementor-element-populated\">\n\t\t\t\t\t\t<div class=\"elementor-element elementor-element-5b051d5 elementor-widget elementor-widget-text-editor\" data-id=\"5b051d5\" data-element_type=\"widget\" data-e-type=\"widget\" data-widget_type=\"text-editor.default\">\n\t\t\t\t<div class=\"elementor-widget-container\">\n\t\t\t\t\t\t\t\t\t<h2>Responsable du traitement des donn\u00e9es<\/h2><ul><li>Nom : Mycelium Vitae SL<\/li><li>Adresse : Carrer la Fassina s\/n, 25220 Bell-lloc d'Urgell (L\u00e9rida) Espagne<\/li><li>NUM\u00c9RO DE TVA : B02738854<\/li><li>Courriel : myvi@dioxvitae.es<\/li><\/ul><h2>Finalit\u00e9 du traitement<\/h2><p>Mycelium Vitae SL, en tant que responsable du traitement des donn\u00e9es et afin de se conformer au r\u00e8glement (UE) 2016\/679, vous informe que toutes les donn\u00e9es que vous fournissez seront trait\u00e9es avec votre consentement afin de r\u00e9aliser les services professionnels que vous avez demand\u00e9s, ainsi que les t\u00e2ches de cette entit\u00e9.<\/p><p>Les donn\u00e9es \u00e0 caract\u00e8re personnel fournies sont conserv\u00e9es aussi longtemps que la personne concern\u00e9e n'en demande pas la suppression, sans pr\u00e9judice du respect, \u00e0 tout moment, des p\u00e9riodes de conservation pr\u00e9vues par la loi.<\/p><h2>Source<\/h2><p>Les donn\u00e9es personnelles que nous traitons proviennent de la personne concern\u00e9e.<\/p><h2>L\u00e9gitimation du traitement<\/h2><p>Le traitement de vos donn\u00e9es personnelles est effectu\u00e9 sous la protection de la relation juridique que vous avez avec Mycelium Vitae SL pour mener \u00e0 bien l'ex\u00e9cution des services contract\u00e9s et, dans tous les cas, par le consentement que vous nous avez librement donn\u00e9.<\/p><p>Vos donn\u00e9es ne seront pas transmises \u00e0 des tiers, sauf si la loi l'autorise ou l'exige express\u00e9ment.<\/p><h2>Droits de l'homme<\/h2><p>Toute personne a le droit d'obtenir des informations sur le fait que Mycelium Vitae SL traite ou non des donn\u00e9es \u00e0 caract\u00e8re personnel la concernant, ainsi que le droit de demander la rectification des donn\u00e9es inexactes ou, le cas \u00e9ch\u00e9ant, de demander leur suppression lorsque, entre autres raisons, les donn\u00e9es ne sont plus n\u00e9cessaires aux fins pour lesquelles elles ont \u00e9t\u00e9 collect\u00e9es. Ils peuvent \u00e9galement exercer les droits de limitation du traitement, de portabilit\u00e9 des donn\u00e9es, d'annulation et d'opposition.<\/p><p>Pour ce faire, vous devez contacter Mycelium Vitae SL, soit en personne dans nos bureaux situ\u00e9s \u00e0 l'adresse ci-dessus, soit par voie \u00e9lectronique en envoyant un courriel \u00e0 l'adresse suivante <a href=\"mailto:myvi@dioxvitae.es\">myvi@dioxvitae.es<\/a> ou les formulaires de contact disponibles sur notre site web.<\/p><p>Dans certaines circonstances et pour des raisons li\u00e9es \u00e0 leur situation particuli\u00e8re, les int\u00e9ress\u00e9s peuvent retirer, \u00e0 tout moment, le consentement initialement donn\u00e9 pour une finalit\u00e9 sp\u00e9cifique en s'opposant au traitement de leurs donn\u00e9es, qui cesseront d'\u00eatre trait\u00e9es par cette Comarca, sauf pour l'exercice ou la d\u00e9fense d'\u00e9ventuelles r\u00e9clamations.<\/p><p>Vous \u00eates \u00e9galement inform\u00e9 que vous avez la possibilit\u00e9 de d\u00e9poser une plainte aupr\u00e8s de l'autorit\u00e9 de contr\u00f4le comp\u00e9tente, \u00e0 savoir l'Agence espagnole de protection des donn\u00e9es (Agencia Espa\u00f1ola de Protecci\u00f3n de Datos).<\/p>\t\t\t\t\t\t\t\t<\/div>\n\t\t\t\t<\/div>\n\t\t\t\t\t<\/div>\n\t\t<\/div>\n\t\t\t\t\t<\/div>\n\t\t<\/section>\n\t\t\t\t<\/div>","protected":false},"excerpt":{"rendered":"<p>Pol\u00edtica de privacidad Responsable del tratamiento de datos Nombre: Mycelium Vitae SL Direcci\u00f3n: Carrer la Fassina s\/n, 25220 Bell-lloc d\u2019Urgell (L\u00e9rida) Espa\u00f1a NIF: B02738854 E-mail: myvi@dioxvitae.es Finalidad del tratamiento Mycelium Vitae SL, como responsable del tratamiento y con motivo de dar cumplimiento al Reglamento (UE) 2016\/679, le informa de que todos los datos que nos [&hellip;]<\/p>\n","protected":false},"author":1,"featured_media":0,"parent":0,"menu_order":0,"comment_status":"closed","ping_status":"closed","template":"","meta":{"site-sidebar-layout":"no-sidebar","site-content-layout":"page-builder","ast-site-content-layout":"default","site-content-style":"default","site-sidebar-style":"default","ast-global-header-display":"","ast-banner-title-visibility":"","ast-main-header-display":"","ast-hfb-above-header-display":"","ast-hfb-below-header-display":"","ast-hfb-mobile-header-display":"","site-post-title":"disabled","ast-breadcrumbs-content":"","ast-featured-img":"disabled","footer-sml-layout":"","ast-disable-related-posts":"","theme-transparent-header-meta":"default","adv-header-id-meta":"","stick-header-meta":"default","header-above-stick-meta":"","header-main-stick-meta":"","header-below-stick-meta":"","astra-migrate-meta-layouts":"default","ast-page-background-enabled":"default","ast-page-background-meta":{"desktop":{"background-color":"","background-image":"","background-repeat":"repeat","background-position":"center center","background-size":"auto","background-attachment":"scroll","background-type":"","background-media":"","overlay-type":"","overlay-color":"","overlay-opacity":"","overlay-gradient":""},"tablet":{"background-color":"","background-image":"","background-repeat":"repeat","background-position":"center center","background-size":"auto","background-attachment":"scroll","background-type":"","background-media":"","overlay-type":"","overlay-color":"","overlay-opacity":"","overlay-gradient":""},"mobile":{"background-color":"","background-image":"","background-repeat":"repeat","background-position":"center center","background-size":"auto","background-attachment":"scroll","background-type":"","background-media":"","overlay-type":"","overlay-color":"","overlay-opacity":"","overlay-gradient":""}},"ast-content-background-meta":{"desktop":{"background-color":"var(--ast-global-color-5)","background-image":"","background-repeat":"repeat","background-position":"center center","background-size":"auto","background-attachment":"scroll","background-type":"","background-media":"","overlay-type":"","overlay-color":"","overlay-opacity":"","overlay-gradient":""},"tablet":{"background-color":"var(--ast-global-color-5)","background-image":"","background-repeat":"repeat","background-position":"center center","background-size":"auto","background-attachment":"scroll","background-type":"","background-media":"","overlay-type":"","overlay-color":"","overlay-opacity":"","overlay-gradient":""},"mobile":{"background-color":"var(--ast-global-color-5)","background-image":"","background-repeat":"repeat","background-position":"center center","background-size":"auto","background-attachment":"scroll","background-type":"","background-media":"","overlay-type":"","overlay-color":"","overlay-opacity":"","overlay-gradient":""}},"_glsr_average":0,"_glsr_ranking":0,"_glsr_reviews":0,"footnotes":""},"class_list":["post-2648","page","type-page","status-publish","hentry"],"_links":{"self":[{"href":"https:\/\/dioxvitae.es\/fr\/wp-json\/wp\/v2\/pages\/2648","targetHints":{"allow":["GET"]}}],"collection":[{"href":"https:\/\/dioxvitae.es\/fr\/wp-json\/wp\/v2\/pages"}],"about":[{"href":"https:\/\/dioxvitae.es\/fr\/wp-json\/wp\/v2\/types\/page"}],"author":[{"embeddable":true,"href":"https:\/\/dioxvitae.es\/fr\/wp-json\/wp\/v2\/users\/1"}],"replies":[{"embeddable":true,"href":"https:\/\/dioxvitae.es\/fr\/wp-json\/wp\/v2\/comments?post=2648"}],"version-history":[{"count":11,"href":"https:\/\/dioxvitae.es\/fr\/wp-json\/wp\/v2\/pages\/2648\/revisions"}],"predecessor-version":[{"id":8970,"href":"https:\/\/dioxvitae.es\/fr\/wp-json\/wp\/v2\/pages\/2648\/revisions\/8970"}],"wp:attachment":[{"href":"https:\/\/dioxvitae.es\/fr\/wp-json\/wp\/v2\/media?parent=2648"}],"curies":[{"name":"wp","href":"https:\/\/api.w.org\/{rel}","templated":true}]}}