{"id":19282,"date":"2026-01-16T13:51:54","date_gmt":"2026-01-16T11:51:54","guid":{"rendered":"https:\/\/www.dioxvitae.es\/?post_type=product&#038;p=19282"},"modified":"2026-03-26T18:24:58","modified_gmt":"2026-03-26T16:24:58","slug":"vitawoman-menopause","status":"publish","type":"product","link":"https:\/\/dioxvitae.es\/en\/vitawoman-menopausia\/","title":{"rendered":"Vitawoman Menopause"},"content":{"rendered":"<h2><span style=\"color: #3366ff;\">Description:<\/span><\/h2>\n<p>This food supplement is composed of two different colored tablets. The yellow tablet, with day effect, is composed of chasteberry, which contributes to the female hormonal balance during the climacteric period and helps to alleviate the symptoms of menopause. The blue tablet, with night effect, is composed of hawthorn, which helps to find a better sleep, thus providing a 24h effect to improve women's well-being during menopause.<\/p>\n<p>&nbsp;<\/p>\n<h2><span style=\"color: #3366ff;\">Instructions for use:<\/span><\/h2>\n<p>Take 1 yellow tablet in the morning with breakfast and 1 blue tablet in the evening, half an hour before going to bed.<\/p>\n<p>&nbsp;<\/p>\n<h2><span style=\"color: #3366ff;\">Ingredients:<\/span><\/h2>\n<p>Dry extract Hops 2.5% prenylated flavonoids (50 mg); Dry extract Salvia 2% rosmarinic acid (50 mg); EN Yam 20% diosgenin (50 mg); Dry extract Eleutherococcus 0.8% eleutheroside (50 mg); Dry extract Cimicifuga 2.5% triterpenes (35 mg); Dry extract Vitex agnus-castus (chasteberry) 0.5% vitexin (30 mg); Dry extract Passionflower 3.5% vitexin (90 mg); Dry extract Verbena 1.5% verbascoside (50 mg); Dry extract Hops 0.1% rutin (50 mg); Dry extract Hawthorn 1.8% vitexin (50 mg); L-theanine (10 mg).<\/p>\n<p>&nbsp;<\/p>\n<p>Gluten free<\/p>\n<p>Lactose free<\/p>\n<p>No added sugars<\/p>\n<p>&nbsp;<\/p>\n<p>&nbsp;<\/p>","protected":false},"excerpt":{"rendered":"<p>Descripci\u00f3n: Este complemento alimenticio est\u00e1 compuesto por comprimidos de dos colores distintos. El comprimido amarillo, con efecto d\u00eda, est\u00e1 compuesto por sauzgatillo, que contribuye al equilibrio hormonal femenino durante el climaterio y contribuye a aliviar los s\u00edntomas de la menopausia. El comprimido azul, con efecto noche, est\u00e1 compuesto por espino blanco, que ayuda a encontrar [&hellip;]<\/p>\n","protected":false},"featured_media":19283,"comment_status":"closed","ping_status":"closed","template":"","meta":{"site-sidebar-layout":"default","site-content-layout":"","ast-site-content-layout":"default","site-content-style":"default","site-sidebar-style":"default","ast-global-header-display":"","ast-banner-title-visibility":"","ast-main-header-display":"","ast-hfb-above-header-display":"","ast-hfb-below-header-display":"","ast-hfb-mobile-header-display":"","site-post-title":"","ast-breadcrumbs-content":"","ast-featured-img":"","footer-sml-layout":"","ast-disable-related-posts":"","theme-transparent-header-meta":"default","adv-header-id-meta":"","stick-header-meta":"default","header-above-stick-meta":"","header-main-stick-meta":"","header-below-stick-meta":"","astra-migrate-meta-layouts":"set","ast-page-background-enabled":"default","ast-page-background-meta":{"desktop":{"background-color":"","background-image":"","background-repeat":"repeat","background-position":"center center","background-size":"auto","background-attachment":"scroll","background-type":"","background-media":"","overlay-type":"","overlay-color":"","overlay-opacity":"","overlay-gradient":""},"tablet":{"background-color":"","background-image":"","background-repeat":"repeat","background-position":"center center","background-size":"auto","background-attachment":"scroll","background-type":"","background-media":"","overlay-type":"","overlay-color":"","overlay-opacity":"","overlay-gradient":""},"mobile":{"background-color":"","background-image":"","background-repeat":"repeat","background-position":"center center","background-size":"auto","background-attachment":"scroll","background-type":"","background-media":"","overlay-type":"","overlay-color":"","overlay-opacity":"","overlay-gradient":""}},"ast-content-background-meta":{"desktop":{"background-color":"var(--ast-global-color-5)","background-image":"","background-repeat":"repeat","background-position":"center center","background-size":"auto","background-attachment":"scroll","background-type":"","background-media":"","overlay-type":"","overlay-color":"","overlay-opacity":"","overlay-gradient":""},"tablet":{"background-color":"var(--ast-global-color-5)","background-image":"","background-repeat":"repeat","background-position":"center center","background-size":"auto","background-attachment":"scroll","background-type":"","background-media":"","overlay-type":"","overlay-color":"","overlay-opacity":"","overlay-gradient":""},"mobile":{"background-color":"var(--ast-global-color-5)","background-image":"","background-repeat":"repeat","background-position":"center center","background-size":"auto","background-attachment":"scroll","background-type":"","background-media":"","overlay-type":"","overlay-color":"","overlay-opacity":"","overlay-gradient":""}},"_glsr_average":0,"_glsr_ranking":0,"_glsr_reviews":0},"product_brand":[],"product_cat":[331,349,374],"product_tag":[],"class_list":{"0":"post-19282","1":"product","2":"type-product","3":"status-publish","4":"has-post-thumbnail","6":"product_cat-herboristeria","7":"product_cat-salud-hormonal","8":"product_cat-salud-intima-femenina","9":"desktop-align-center","10":"tablet-align-center","11":"mobile-align-center","12":"ast-product-gallery-layout-horizontal","13":"ast-product-tabs-layout-horizontal","15":"first","16":"instock","17":"taxable","18":"shipping-taxable","19":"purchasable","20":"product-type-simple"},"_links":{"self":[{"href":"https:\/\/dioxvitae.es\/en\/wp-json\/wp\/v2\/product\/19282","targetHints":{"allow":["GET"]}}],"collection":[{"href":"https:\/\/dioxvitae.es\/en\/wp-json\/wp\/v2\/product"}],"about":[{"href":"https:\/\/dioxvitae.es\/en\/wp-json\/wp\/v2\/types\/product"}],"replies":[{"embeddable":true,"href":"https:\/\/dioxvitae.es\/en\/wp-json\/wp\/v2\/comments?post=19282"}],"version-history":[{"count":4,"href":"https:\/\/dioxvitae.es\/en\/wp-json\/wp\/v2\/product\/19282\/revisions"}],"predecessor-version":[{"id":19339,"href":"https:\/\/dioxvitae.es\/en\/wp-json\/wp\/v2\/product\/19282\/revisions\/19339"}],"wp:featuredmedia":[{"embeddable":true,"href":"https:\/\/dioxvitae.es\/en\/wp-json\/wp\/v2\/media\/19283"}],"wp:attachment":[{"href":"https:\/\/dioxvitae.es\/en\/wp-json\/wp\/v2\/media?parent=19282"}],"wp:term":[{"taxonomy":"product_brand","embeddable":true,"href":"https:\/\/dioxvitae.es\/en\/wp-json\/wp\/v2\/product_brand?post=19282"},{"taxonomy":"product_cat","embeddable":true,"href":"https:\/\/dioxvitae.es\/en\/wp-json\/wp\/v2\/product_cat?post=19282"},{"taxonomy":"product_tag","embeddable":true,"href":"https:\/\/dioxvitae.es\/en\/wp-json\/wp\/v2\/product_tag?post=19282"}],"curies":[{"name":"wp","href":"https:\/\/api.w.org\/{rel}","templated":true}]}}