{"id":17479,"date":"2025-08-12T15:21:57","date_gmt":"2025-08-12T13:21:57","guid":{"rendered":"https:\/\/www.dioxvitae.es\/?post_type=product&#038;p=17479"},"modified":"2026-03-25T11:29:52","modified_gmt":"2026-03-25T09:29:52","slug":"magnesium-massage-oil","status":"publish","type":"product","link":"https:\/\/dioxvitae.es\/en\/aceite-de-magnesio-para-masaje\/","title":{"rendered":"Magnesium Massage Oil"},"content":{"rendered":"<p class=\"selectable-text copyable-text x15bjb6t x1n2onr6\" dir=\"ltr\"><span class=\"selectable-text copyable-text false\">Magnesium Oil 150 ml (liquid). A direct solution with spray dispenser for the local treatment of discomfort caused by tissue deterioration, muscle pain after exercise, poor circulation or tired legs. <\/span><\/p>\n<p>The application of magnesium directly on the skin provides a direct and effective action of this mineral on the affected area: it helps to relieve joint pain and rheumatism, muscle stiffness and circulatory problems.<\/p>\n<p>It is also ideal for preparing muscles, joints and ligaments before physical activity, and helps to relax and reduce muscle fatigue after physical activity.<\/p>\n<p>In cases of wear and tear or existing injuries, it contributes to recovery and relieves pain. It is also effective in the treatment of calcaneal spurs.<\/p>\n<p>Spray 2 or 3 times a day on the sensitized area with a light massage until completely absorbed, especially on muscular areas.<\/p>\n<p>Do not apply on the face, wounds, mucous membranes or irritated or sensitive skin.<\/p>\n<p>Wash hands after application.<\/p>\n<p>Ingredients: Magnesium chloride (55,38%) and water.<\/p>","protected":false},"excerpt":{"rendered":"<p>Aceite de Magnesio 150 ml (liquido). Una soluci\u00f3n directa con dosificador spray para el tratamiento local de las molestias propias del deterioro de los tejidos, del dolor muscular tras el ejercicio, la mala circulaci\u00f3n o las piernas cansadas. La aplicaci\u00f3n de magnesio directamente sobre la piel supone una acci\u00f3n directa y eficaz de este mineral [&hellip;]<\/p>\n","protected":false},"featured_media":17480,"comment_status":"closed","ping_status":"closed","template":"","meta":{"site-sidebar-layout":"default","site-content-layout":"","ast-site-content-layout":"default","site-content-style":"default","site-sidebar-style":"default","ast-global-header-display":"","ast-banner-title-visibility":"","ast-main-header-display":"","ast-hfb-above-header-display":"","ast-hfb-below-header-display":"","ast-hfb-mobile-header-display":"","site-post-title":"","ast-breadcrumbs-content":"","ast-featured-img":"","footer-sml-layout":"","ast-disable-related-posts":"","theme-transparent-header-meta":"default","adv-header-id-meta":"","stick-header-meta":"default","header-above-stick-meta":"","header-main-stick-meta":"","header-below-stick-meta":"","astra-migrate-meta-layouts":"set","ast-page-background-enabled":"default","ast-page-background-meta":{"desktop":{"background-color":"","background-image":"","background-repeat":"repeat","background-position":"center center","background-size":"auto","background-attachment":"scroll","background-type":"","background-media":"","overlay-type":"","overlay-color":"","overlay-opacity":"","overlay-gradient":""},"tablet":{"background-color":"","background-image":"","background-repeat":"repeat","background-position":"center center","background-size":"auto","background-attachment":"scroll","background-type":"","background-media":"","overlay-type":"","overlay-color":"","overlay-opacity":"","overlay-gradient":""},"mobile":{"background-color":"","background-image":"","background-repeat":"repeat","background-position":"center center","background-size":"auto","background-attachment":"scroll","background-type":"","background-media":"","overlay-type":"","overlay-color":"","overlay-opacity":"","overlay-gradient":""}},"ast-content-background-meta":{"desktop":{"background-color":"var(--ast-global-color-5)","background-image":"","background-repeat":"repeat","background-position":"center center","background-size":"auto","background-attachment":"scroll","background-type":"","background-media":"","overlay-type":"","overlay-color":"","overlay-opacity":"","overlay-gradient":""},"tablet":{"background-color":"var(--ast-global-color-5)","background-image":"","background-repeat":"repeat","background-position":"center center","background-size":"auto","background-attachment":"scroll","background-type":"","background-media":"","overlay-type":"","overlay-color":"","overlay-opacity":"","overlay-gradient":""},"mobile":{"background-color":"var(--ast-global-color-5)","background-image":"","background-repeat":"repeat","background-position":"center center","background-size":"auto","background-attachment":"scroll","background-type":"","background-media":"","overlay-type":"","overlay-color":"","overlay-opacity":"","overlay-gradient":""}},"_glsr_average":0,"_glsr_ranking":0,"_glsr_reviews":0},"product_brand":[],"product_cat":[331,343,350,340],"product_tag":[],"class_list":{"0":"post-17479","1":"product","2":"type-product","3":"status-publish","4":"has-post-thumbnail","6":"product_cat-herboristeria","7":"product_cat-huesos-y-articulaciones","8":"product_cat-relajacion-y-descanso","9":"product_cat-sistema-circulatorio","10":"desktop-align-center","11":"tablet-align-center","12":"mobile-align-center","13":"ast-product-gallery-layout-horizontal","14":"ast-product-gallery-with-no-image","15":"ast-product-tabs-layout-horizontal","17":"first","18":"instock","19":"taxable","20":"shipping-taxable","21":"purchasable","22":"product-type-simple"},"_links":{"self":[{"href":"https:\/\/dioxvitae.es\/en\/wp-json\/wp\/v2\/product\/17479","targetHints":{"allow":["GET"]}}],"collection":[{"href":"https:\/\/dioxvitae.es\/en\/wp-json\/wp\/v2\/product"}],"about":[{"href":"https:\/\/dioxvitae.es\/en\/wp-json\/wp\/v2\/types\/product"}],"replies":[{"embeddable":true,"href":"https:\/\/dioxvitae.es\/en\/wp-json\/wp\/v2\/comments?post=17479"}],"version-history":[{"count":3,"href":"https:\/\/dioxvitae.es\/en\/wp-json\/wp\/v2\/product\/17479\/revisions"}],"predecessor-version":[{"id":17484,"href":"https:\/\/dioxvitae.es\/en\/wp-json\/wp\/v2\/product\/17479\/revisions\/17484"}],"wp:featuredmedia":[{"embeddable":true,"href":"https:\/\/dioxvitae.es\/en\/wp-json\/wp\/v2\/media\/17480"}],"wp:attachment":[{"href":"https:\/\/dioxvitae.es\/en\/wp-json\/wp\/v2\/media?parent=17479"}],"wp:term":[{"taxonomy":"product_brand","embeddable":true,"href":"https:\/\/dioxvitae.es\/en\/wp-json\/wp\/v2\/product_brand?post=17479"},{"taxonomy":"product_cat","embeddable":true,"href":"https:\/\/dioxvitae.es\/en\/wp-json\/wp\/v2\/product_cat?post=17479"},{"taxonomy":"product_tag","embeddable":true,"href":"https:\/\/dioxvitae.es\/en\/wp-json\/wp\/v2\/product_tag?post=17479"}],"curies":[{"name":"wp","href":"https:\/\/api.w.org\/{rel}","templated":true}]}}