{"id":16643,"date":"2025-06-23T14:01:49","date_gmt":"2025-06-23T12:01:49","guid":{"rendered":"https:\/\/www.dioxvitae.es\/?post_type=product&#038;p=16643"},"modified":"2026-03-25T11:00:55","modified_gmt":"2026-03-25T09:00:55","slug":"vitex-berry-extract-225mg-singluten-vegan-60caps-solaray","status":"publish","type":"product","link":"https:\/\/dioxvitae.es\/en\/vitex-extracto-de-bayas-225mg-singluten-vegan-60caps-solaray\/","title":{"rendered":"Vitex Berry Extract 225Mg Gluten Free Vegan 60caps Solaray"},"content":{"rendered":"<div class=\"main-column\" role=\"tablist\">\n<div class=\"active\" role=\"tab\" data-role=\"collapsible\" data-collapsible=\"true\" aria-selected=\"false\" aria-expanded=\"true\">\n<div tabindex=\"0\" data-role=\"trigger\">\n<h2 class=\"attribute-title\">\u00bfQue \u00e9s Vitex Extracto de Bayas 225Mg SinGluten Vegan 60caps Solaray?<\/h2>\n<\/div>\n<\/div>\n<div class=\"value\" role=\"tabpanel\" data-role=\"content\" aria-hidden=\"false\">\n<p><strong>Vitex (Sauzgatillo) de Solaray<\/strong>\u00a0es un\u00a0<strong>complemento nutricional<\/strong>\u00a0utilizado para\u00a0<strong>desequilibrios hormonales<\/strong>\u00a0relacionados con el exceso de estr\u00f3genos, una causa frecuente del\u00a0<strong>s\u00edndrome premenstrual<\/strong>\u00a0y la <strong>irregularidad en los ciclos menstruales, <\/strong>as\u00ed mismo <strong>ayuda en la menopausea y en el momento de la lactancia<\/strong>. Adem\u00e1s, se emplea para tratar condiciones como el\u00a0<strong>acn\u00e9<\/strong>\u00a0y los\u00a0<strong>herpes labiales<\/strong>, que suelen aparecer o empeorar durante la fase premenstrual. Su acci\u00f3n se debe a su capacidad para regular los niveles hormonales y equilibrar la producci\u00f3n de estr\u00f3genos, lo que lo convierte en un aliado en el cuidado de la salud femenina.<\/p>\n<p>&nbsp;<\/p>\n<\/div>\n<\/div>\n<div class=\"active\" role=\"tab\" data-role=\"collapsible\" data-collapsible=\"true\" aria-selected=\"false\" aria-expanded=\"true\">\n<div tabindex=\"0\" data-role=\"trigger\">\n<h2 class=\"attribute-title\">\u00bfQue composici\u00f3n tiene Vitex Extracto de Bayas 225Mg SinGluten Vegan 60caps Solaray?<\/h2>\n<\/div>\n<\/div>\n<div class=\"value\" role=\"tabpanel\" data-role=\"content\" aria-hidden=\"false\">&#8211; Extracto de bayas (garantiza 1,13 mg [0. 5%] agn\u00f3sidos) 225 mg<\/div>\n<div class=\"value\" role=\"tabpanel\" data-role=\"content\" aria-hidden=\"false\">&#8211; Sauzgatillo (Vitex agnus-castus) (bayas) 100 mg<\/div>\n<div class=\"value\" role=\"tabpanel\" data-role=\"content\" aria-hidden=\"false\">&#8211; Otros ingredientes naturales presentes: gelatina (c\u00e1psula) y estearato de magnesio<\/div>\n<div role=\"tabpanel\" data-role=\"content\" aria-hidden=\"false\"><\/div>\n<div role=\"tabpanel\" data-role=\"content\" aria-hidden=\"false\"><\/div>\n<div class=\"active\" role=\"tab\" data-role=\"collapsible\" data-collapsible=\"true\" aria-selected=\"false\" aria-expanded=\"true\">\n<div tabindex=\"0\" data-role=\"trigger\">\n<h2 class=\"attribute-title\">\u00bfComo se usa Vitex Extracto de Bayas 225Mg SinGluten Vegan 60caps Solaray?<\/h2>\n<\/div>\n<\/div>\n<div class=\"value\" role=\"tabpanel\" data-role=\"content\" aria-hidden=\"false\">Se recomienda tomar una o dos c\u00e1psulas al d\u00eda fuera de las comidas.<\/div>\n<div role=\"tabpanel\" data-role=\"content\" aria-hidden=\"false\"><\/div>\n<div class=\"active\" role=\"tab\" data-role=\"collapsible\" data-collapsible=\"true\" aria-selected=\"false\" aria-expanded=\"true\">\n<div tabindex=\"0\" data-role=\"trigger\">\n<h2 class=\"attribute-title\">\u00bfQu\u00e9 valor energ\u00e9tico tiene Vitex Extracto de Bayas 225Mg SinGluten Vegan 60caps Solaray?<\/h2>\n<\/div>\n<\/div>\n<div class=\"value\" role=\"tabpanel\" data-role=\"content\" aria-hidden=\"false\">Composici\u00f3n activa por c\u00e1psula: 225 mg de extracto de sauzgatillo (0.5% agn\u00fasidos).<\/div>\n","protected":false},"excerpt":{"rendered":"<p>Vitex, 60 caps, Solaray<\/p>","protected":false},"featured_media":16644,"comment_status":"closed","ping_status":"closed","template":"","meta":{"site-sidebar-layout":"default","site-content-layout":"","ast-site-content-layout":"default","site-content-style":"default","site-sidebar-style":"default","ast-global-header-display":"","ast-banner-title-visibility":"","ast-main-header-display":"","ast-hfb-above-header-display":"","ast-hfb-below-header-display":"","ast-hfb-mobile-header-display":"","site-post-title":"","ast-breadcrumbs-content":"","ast-featured-img":"","footer-sml-layout":"","ast-disable-related-posts":"","theme-transparent-header-meta":"default","adv-header-id-meta":"","stick-header-meta":"default","header-above-stick-meta":"","header-main-stick-meta":"","header-below-stick-meta":"","astra-migrate-meta-layouts":"set","ast-page-background-enabled":"default","ast-page-background-meta":{"desktop":{"background-color":"","background-image":"","background-repeat":"repeat","background-position":"center center","background-size":"auto","background-attachment":"scroll","background-type":"","background-media":"","overlay-type":"","overlay-color":"","overlay-opacity":"","overlay-gradient":""},"tablet":{"background-color":"","background-image":"","background-repeat":"repeat","background-position":"center center","background-size":"auto","background-attachment":"scroll","background-type":"","background-media":"","overlay-type":"","overlay-color":"","overlay-opacity":"","overlay-gradient":""},"mobile":{"background-color":"","background-image":"","background-repeat":"repeat","background-position":"center center","background-size":"auto","background-attachment":"scroll","background-type":"","background-media":"","overlay-type":"","overlay-color":"","overlay-opacity":"","overlay-gradient":""}},"ast-content-background-meta":{"desktop":{"background-color":"var(--ast-global-color-5)","background-image":"","background-repeat":"repeat","background-position":"center center","background-size":"auto","background-attachment":"scroll","background-type":"","background-media":"","overlay-type":"","overlay-color":"","overlay-opacity":"","overlay-gradient":""},"tablet":{"background-color":"var(--ast-global-color-5)","background-image":"","background-repeat":"repeat","background-position":"center center","background-size":"auto","background-attachment":"scroll","background-type":"","background-media":"","overlay-type":"","overlay-color":"","overlay-opacity":"","overlay-gradient":""},"mobile":{"background-color":"var(--ast-global-color-5)","background-image":"","background-repeat":"repeat","background-position":"center center","background-size":"auto","background-attachment":"scroll","background-type":"","background-media":"","overlay-type":"","overlay-color":"","overlay-opacity":"","overlay-gradient":""}},"_glsr_average":0,"_glsr_ranking":0,"_glsr_reviews":0},"product_brand":[],"product_cat":[331,349,374],"product_tag":[],"class_list":{"0":"post-16643","1":"product","2":"type-product","3":"status-publish","4":"has-post-thumbnail","6":"product_cat-herboristeria","7":"product_cat-salud-hormonal","8":"product_cat-salud-intima-femenina","9":"desktop-align-center","10":"tablet-align-center","11":"mobile-align-center","12":"ast-product-gallery-layout-horizontal","13":"ast-product-gallery-with-no-image","14":"ast-product-tabs-layout-horizontal","16":"first","17":"instock","18":"taxable","19":"shipping-taxable","20":"purchasable","21":"product-type-simple"},"_links":{"self":[{"href":"https:\/\/dioxvitae.es\/en\/wp-json\/wp\/v2\/product\/16643","targetHints":{"allow":["GET"]}}],"collection":[{"href":"https:\/\/dioxvitae.es\/en\/wp-json\/wp\/v2\/product"}],"about":[{"href":"https:\/\/dioxvitae.es\/en\/wp-json\/wp\/v2\/types\/product"}],"replies":[{"embeddable":true,"href":"https:\/\/dioxvitae.es\/en\/wp-json\/wp\/v2\/comments?post=16643"}],"version-history":[{"count":5,"href":"https:\/\/dioxvitae.es\/en\/wp-json\/wp\/v2\/product\/16643\/revisions"}],"predecessor-version":[{"id":19210,"href":"https:\/\/dioxvitae.es\/en\/wp-json\/wp\/v2\/product\/16643\/revisions\/19210"}],"wp:featuredmedia":[{"embeddable":true,"href":"https:\/\/dioxvitae.es\/en\/wp-json\/wp\/v2\/media\/16644"}],"wp:attachment":[{"href":"https:\/\/dioxvitae.es\/en\/wp-json\/wp\/v2\/media?parent=16643"}],"wp:term":[{"taxonomy":"product_brand","embeddable":true,"href":"https:\/\/dioxvitae.es\/en\/wp-json\/wp\/v2\/product_brand?post=16643"},{"taxonomy":"product_cat","embeddable":true,"href":"https:\/\/dioxvitae.es\/en\/wp-json\/wp\/v2\/product_cat?post=16643"},{"taxonomy":"product_tag","embeddable":true,"href":"https:\/\/dioxvitae.es\/en\/wp-json\/wp\/v2\/product_tag?post=16643"}],"curies":[{"name":"wp","href":"https:\/\/api.w.org\/{rel}","templated":true}]}}